{"id":41,"date":"2016-03-16T03:32:11","date_gmt":"2016-03-16T03:32:11","guid":{"rendered":"http:\/\/mediadom-piran.si\/?page_id=41"},"modified":"2022-10-06T18:43:22","modified_gmt":"2022-10-06T18:43:22","slug":"mediadom-pyrhani","status":"publish","type":"page","link":"https:\/\/www.mediadom-piran.si\/it\/mediadom-pyrhani\/","title":{"rendered":"Mediadom Pyrhani"},"content":{"rendered":"<p><\/p>\n<div class=\"embed-container\"><iframe loading=\"lazy\" src=\"https:\/\/www.youtube.com\/embed\/wtoVBph_vbM\" width=\"1280\" height=\"720\" frameborder=\"0\" allowfullscreen=\"allowfullscreen\"><\/iframe><\/div>\n<div class=\"small-12 medium-6 columns\">\n<p><strong>Che cosa rappresenta Mediadom Pyrhani?<\/strong><\/p>\n<p style=\"text-align: justify;\">Mediadom Pyrhani di Pirano \u00e8 un centro culturale e un museo multimediale amministrato dall&#8217; Avditorij Portorose. Dal 2015 \u00e8 il primo centro di questo tipo sul litorale sloveno ad offrire un vasto e svariato programma di attivit\u00e0 culturali.<br \/>\nNon molto tempo fa, l&#8217;attuale edificio era sede della Banda cittadina, in cui generazioni di allievi della scuola di musica di Pirano si sono presentati con i loro concerti. Anche i membri dell\u2019Orchestra giovanile di strumenti a fiato di Pirano si esercitavano in questo edificio per i loro concerti &#8211; in onore a Pirano!<br \/>\nAnche oggi il Mediadom Pyrhani \u00e8 il punto focale dell&#8217;attivit\u00e0 culturale della citt\u00e0, dove potrete intraprendere un viaggio attraverso venti secoli di storia, dall\u2019antichit\u00e0 alla Pirano dei giorni nostri. Vi verranno presentati gli scenari destinati ai vari eventi musicali e festival di danza, i luoghi di culto dove ammirare il prezioso patrimonio sacrale e artistico. Scoprirete vari luoghi e paesaggi unici come quello delle Saline di Sicciole e i panorami di un luogo dove il mare e la terra si incontrano \u2013 Pirano.<br \/>\nL\u2019aula multifunzionale \u00e8 adatta a diverse tipologie di eventi: conferenze, proiezioni di film o concerti. Con la sua capienza di 50 posti a sedere \u00e8 un luogo dove i visitatori diventano partecipi di contenuti formativi e culturali di qualit\u00e0.<\/p>\n<\/div>\n<div class=\"small-12 medium-6 columns\">\n<p><strong>Che cosa offre Mediadom Pyrhani?<\/strong><\/p>\n<p style=\"text-align: justify;\">Se programmate una visita alla citt\u00e0 di Pirano, non dimenticate di passare al nuovo centro culturale e museo multimediale Mediadom Pyrhani nel quale, grazie all\u2019uso della tecnologia di nuova generazione potrete venire a conoscenza dello sviluppo storico e culturale della citt\u00e0.<br \/>\nAttraverso l\u2019uso delle tecnologie ITC e dei media, la storia pur cos\u00ec lontana ci viene presentata in maniera molto chiara e interessante con testi concisi e con ottimi film \u2013 animazioni con i quali il visitatore pu\u00f2 scoprire e conoscere la ricca storia dell&#8217;affascinante Pirano in modo sereno e accattivante. L\u2019itinerario storico vi riporter\u00e0 nei secoli quando nascevano le saline e Pirano era ancora una piccola cittadina di pescatori circondata da possenti mura; tutto ripreso in due film animati con brevi intermezzi documentaristici in formato 3D.<br \/>\nIl visitatore avr\u00e0 anche la possibilit\u00e0 di conoscere i personaggi illustri della citt\u00e0, ammirare i resti archeologici, la colonna della vergogna, e i programmi pi\u00f9 importanti delle istituzioni culturali, le tradizionali manifestazioni e gli eventi culturali.<br \/>\nMediadom Pyrhani \u00e8 un centro polivalente, in quanto la tecnologia di nuova generazione permette la realizzazione di svariate attivit\u00e0 culturali, infatti la struttura del Mediadom si presta a conferenze stampa, a lezioni o corsi di vario genere, a concerti e produzioni musicali, a rappresentazioni teatrali e di spettacolo e proiezioni cinematografiche.<\/p>\n<\/div>\n<hr \/>\n\n\t\t<style type=\"text\/css\">\n\t\t\t#gallery-3 {\n\t\t\t\tmargin: auto;\n\t\t\t}\n\t\t\t#gallery-3 .gallery-item {\n\t\t\t\tfloat: left;\n\t\t\t\tmargin-top: 10px;\n\t\t\t\ttext-align: center;\n\t\t\t\twidth: 20%;\n\t\t\t}\n\t\t\t#gallery-3 img {\n\t\t\t\tborder: 2px solid #cfcfcf;\n\t\t\t}\n\t\t\t#gallery-3 .gallery-caption {\n\t\t\t\tmargin-left: 0;\n\t\t\t}\n\t\t\t\/* see gallery_shortcode() in wp-includes\/media.php *\/\n\t\t<\/style>\n\t\t<div id='gallery-3' class='gallery galleryid-41 gallery-columns-5 gallery-size-thumbnail'><dl class='gallery-item'>\n\t\t\t<dt class='gallery-icon landscape'>\n\t\t\t\t<a href='https:\/\/www.mediadom-piran.si\/wp-content\/uploads\/2022\/10\/fotografije-mediadom-foto-ivica-cendak-25-scaled.jpg'><img loading=\"lazy\" decoding=\"async\" width=\"250\" height=\"250\" src=\"https:\/\/www.mediadom-piran.si\/wp-content\/uploads\/2022\/10\/fotografije-mediadom-foto-ivica-cendak-25-250x250.jpg\" class=\"attachment-thumbnail size-thumbnail\" alt=\"\" \/><\/a>\n\t\t\t<\/dt><\/dl><dl class='gallery-item'>\n\t\t\t<dt class='gallery-icon landscape'>\n\t\t\t\t<a href='https:\/\/www.mediadom-piran.si\/wp-content\/uploads\/2022\/10\/Foto-Mediadom-Pyrhani-promo-foto-ivica-cendak-15-scaled.jpg'><img loading=\"lazy\" decoding=\"async\" width=\"250\" height=\"250\" src=\"https:\/\/www.mediadom-piran.si\/wp-content\/uploads\/2022\/10\/Foto-Mediadom-Pyrhani-promo-foto-ivica-cendak-15-250x250.jpg\" class=\"attachment-thumbnail size-thumbnail\" alt=\"\" \/><\/a>\n\t\t\t<\/dt><\/dl><dl class='gallery-item'>\n\t\t\t<dt class='gallery-icon landscape'>\n\t\t\t\t<a href='https:\/\/www.mediadom-piran.si\/wp-content\/uploads\/2022\/10\/Foto-Mediadom-Pyrhani-promo-foto-ivica-cendak-16-scaled.jpg'><img loading=\"lazy\" decoding=\"async\" width=\"250\" height=\"250\" src=\"https:\/\/www.mediadom-piran.si\/wp-content\/uploads\/2022\/10\/Foto-Mediadom-Pyrhani-promo-foto-ivica-cendak-16-250x250.jpg\" class=\"attachment-thumbnail size-thumbnail\" alt=\"\" \/><\/a>\n\t\t\t<\/dt><\/dl><dl class='gallery-item'>\n\t\t\t<dt class='gallery-icon landscape'>\n\t\t\t\t<a href='https:\/\/www.mediadom-piran.si\/wp-content\/uploads\/2022\/10\/Foto-Mediadom-Pyrhani-promo-foto-ivica-cendak-17-scaled.jpg'><img loading=\"lazy\" decoding=\"async\" width=\"250\" height=\"250\" src=\"https:\/\/www.mediadom-piran.si\/wp-content\/uploads\/2022\/10\/Foto-Mediadom-Pyrhani-promo-foto-ivica-cendak-17-250x250.jpg\" class=\"attachment-thumbnail size-thumbnail\" alt=\"\" \/><\/a>\n\t\t\t<\/dt><\/dl><dl class='gallery-item'>\n\t\t\t<dt class='gallery-icon landscape'>\n\t\t\t\t<a href='https:\/\/www.mediadom-piran.si\/wp-content\/uploads\/2022\/10\/fotografije-mediadom-foto-ivica-cendak-26-scaled.jpg'><img loading=\"lazy\" decoding=\"async\" width=\"250\" height=\"250\" src=\"https:\/\/www.mediadom-piran.si\/wp-content\/uploads\/2022\/10\/fotografije-mediadom-foto-ivica-cendak-26-250x250.jpg\" class=\"attachment-thumbnail size-thumbnail\" alt=\"\" \/><\/a>\n\t\t\t<\/dt><\/dl><br style=\"clear: both\" \/><dl class='gallery-item'>\n\t\t\t<dt class='gallery-icon landscape'>\n\t\t\t\t<a href='https:\/\/www.mediadom-piran.si\/wp-content\/uploads\/2022\/10\/fotografije-mediadom-foto-ivica-cendak-09-scaled.jpg'><img loading=\"lazy\" decoding=\"async\" width=\"250\" height=\"250\" src=\"https:\/\/www.mediadom-piran.si\/wp-content\/uploads\/2022\/10\/fotografije-mediadom-foto-ivica-cendak-09-250x250.jpg\" class=\"attachment-thumbnail size-thumbnail\" alt=\"\" \/><\/a>\n\t\t\t<\/dt><\/dl><dl class='gallery-item'>\n\t\t\t<dt class='gallery-icon landscape'>\n\t\t\t\t<a href='https:\/\/www.mediadom-piran.si\/wp-content\/uploads\/2022\/10\/fotografije-mediadom-foto-ivica-cendak-22-scaled.jpg'><img loading=\"lazy\" decoding=\"async\" width=\"250\" height=\"250\" src=\"https:\/\/www.mediadom-piran.si\/wp-content\/uploads\/2022\/10\/fotografije-mediadom-foto-ivica-cendak-22-250x250.jpg\" class=\"attachment-thumbnail size-thumbnail\" alt=\"\" \/><\/a>\n\t\t\t<\/dt><\/dl><dl class='gallery-item'>\n\t\t\t<dt class='gallery-icon landscape'>\n\t\t\t\t<a href='https:\/\/www.mediadom-piran.si\/wp-content\/uploads\/2022\/10\/fotografije-mediadom-foto-ivica-cendak-16-scaled.jpg'><img loading=\"lazy\" decoding=\"async\" width=\"250\" height=\"250\" src=\"https:\/\/www.mediadom-piran.si\/wp-content\/uploads\/2022\/10\/fotografije-mediadom-foto-ivica-cendak-16-250x250.jpg\" class=\"attachment-thumbnail size-thumbnail\" alt=\"\" \/><\/a>\n\t\t\t<\/dt><\/dl><dl class='gallery-item'>\n\t\t\t<dt class='gallery-icon landscape'>\n\t\t\t\t<a href='https:\/\/www.mediadom-piran.si\/wp-content\/uploads\/2022\/10\/fotografije-mediadom-foto-ivica-cendak-32-scaled.jpg'><img loading=\"lazy\" decoding=\"async\" width=\"250\" height=\"250\" src=\"https:\/\/www.mediadom-piran.si\/wp-content\/uploads\/2022\/10\/fotografije-mediadom-foto-ivica-cendak-32-250x250.jpg\" class=\"attachment-thumbnail size-thumbnail\" alt=\"\" \/><\/a>\n\t\t\t<\/dt><\/dl><dl class='gallery-item'>\n\t\t\t<dt class='gallery-icon landscape'>\n\t\t\t\t<a href='https:\/\/www.mediadom-piran.si\/wp-content\/uploads\/2022\/10\/Foto-Mediadom-Pyrhani-promo-foto-ivica-cendak-19-scaled.jpg'><img loading=\"lazy\" decoding=\"async\" width=\"250\" height=\"250\" src=\"https:\/\/www.mediadom-piran.si\/wp-content\/uploads\/2022\/10\/Foto-Mediadom-Pyrhani-promo-foto-ivica-cendak-19-250x250.jpg\" class=\"attachment-thumbnail size-thumbnail\" alt=\"\" \/><\/a>\n\t\t\t<\/dt><\/dl><br style=\"clear: both\" \/>\n\t\t<\/div>\n\n<p><\/p>","protected":false},"excerpt":{"rendered":"<p>Che cosa rappresenta Mediadom Pyrhani? Mediadom Pyrhani di Pirano \u00e8 un centro culturale e un museo multimediale <a class=\"moretag\" href=\"https:\/\/www.mediadom-piran.si\/it\/novice\">Ve\u010d ><\/a><\/p>\n","protected":false},"author":1,"featured_media":0,"parent":0,"menu_order":0,"comment_status":"closed","ping_status":"closed","template":"","meta":{"_acf_changed":false,"footnotes":""},"class_list":["post-41","page","type-page","status-publish","hentry"],"acf":[],"_links":{"self":[{"href":"https:\/\/www.mediadom-piran.si\/it\/wp-json\/wp\/v2\/pages\/41","targetHints":{"allow":["GET"]}}],"collection":[{"href":"https:\/\/www.mediadom-piran.si\/it\/wp-json\/wp\/v2\/pages"}],"about":[{"href":"https:\/\/www.mediadom-piran.si\/it\/wp-json\/wp\/v2\/types\/page"}],"author":[{"embeddable":true,"href":"https:\/\/www.mediadom-piran.si\/it\/wp-json\/wp\/v2\/users\/1"}],"replies":[{"embeddable":true,"href":"https:\/\/www.mediadom-piran.si\/it\/wp-json\/wp\/v2\/comments?post=41"}],"version-history":[{"count":30,"href":"https:\/\/www.mediadom-piran.si\/it\/wp-json\/wp\/v2\/pages\/41\/revisions"}],"predecessor-version":[{"id":5566,"href":"https:\/\/www.mediadom-piran.si\/it\/wp-json\/wp\/v2\/pages\/41\/revisions\/5566"}],"wp:attachment":[{"href":"https:\/\/www.mediadom-piran.si\/it\/wp-json\/wp\/v2\/media?parent=41"}],"curies":[{"name":"wp","href":"https:\/\/api.w.org\/{rel}","templated":true}]}}